
{"id":16,"date":"2021-09-29T10:26:43","date_gmt":"2021-09-29T03:26:43","guid":{"rendered":"https:\/\/tsc-amis.website.misa.local.vn\/?page_id=16"},"modified":"2025-10-15T16:10:52","modified_gmt":"2025-10-15T09:10:52","slug":"trang-chu","status":"publish","type":"page","link":"http:\/\/amis.misa.vn\/bao-chi-noi-ve-amis\/","title":{"rendered":"Trang ch\u1ee7"},"content":{"rendered":"","protected":false},"excerpt":{"rendered":"","protected":false},"author":2,"featured_media":0,"parent":0,"menu_order":0,"comment_status":"closed","ping_status":"closed","template":"template-portfolio.php","meta":{"footnotes":""},"class_list":["post-16","page","type-page","status-publish","hentry"],"yoast_head":"<!-- This site is optimized with the Yoast SEO plugin v21.7 - https:\/\/yoast.com\/wordpress\/plugins\/seo\/ -->\n<title>B\u00e1o ch\u00ed n\u00f3i v\u1ec1 n\u1ec1n t\u1ea3ng qu\u1ea3n tr\u1ecb MISA AMIS<\/title>\n<meta name=\"description\" content=\"N\u1ec1n t\u1ea3ng qu\u1ea3n tr\u1ecb h\u1ee3p nh\u1ea5t MISA AMIS \u0111\u00e1p \u1ee9ng \u0111\u1ea7y \u0111\u1ee7 c\u00e1c nghi\u1ec7p v\u1ee5 qu\u1ea3n tr\u1ecb doanh nghi\u1ec7p ph\u00f9 h\u1ee3p v\u1edbi m\u1ecdi quy m\u00f4 doanh nghi\u1ec7p.\" \/>\n<meta name=\"robots\" content=\"noindex, follow, max-snippet:-1, max-image-preview:large, max-video-preview:-1\" \/>\n<meta property=\"og:locale\" content=\"vi_VN\" \/>\n<meta property=\"og:type\" content=\"article\" \/>\n<meta property=\"og:title\" content=\"B\u00e1o ch\u00ed n\u00f3i v\u1ec1 n\u1ec1n t\u1ea3ng qu\u1ea3n tr\u1ecb MISA AMIS\" \/>\n<meta property=\"og:description\" content=\"N\u1ec1n t\u1ea3ng qu\u1ea3n tr\u1ecb h\u1ee3p nh\u1ea5t MISA AMIS \u0111\u00e1p \u1ee9ng \u0111\u1ea7y \u0111\u1ee7 c\u00e1c nghi\u1ec7p v\u1ee5 qu\u1ea3n tr\u1ecb doanh nghi\u1ec7p ph\u00f9 h\u1ee3p v\u1edbi m\u1ecdi quy m\u00f4 doanh nghi\u1ec7p.\" \/>\n<meta property=\"og:url\" content=\"http:\/\/amis.misa.vn\/bao-chi-noi-ve-amis\/\" \/>\n<meta property=\"og:site_name\" content=\"MISA AMIS - B\u00e1o ch\u00ed n\u00f3i g\u00ec v\u1ec1 ch\u00fang t\u00f4i\" \/>\n<meta property=\"article:modified_time\" content=\"2025-10-15T09:10:52+00:00\" \/>\n<meta name=\"twitter:card\" content=\"summary_large_image\" \/>\n<script type=\"application\/ld+json\" class=\"yoast-schema-graph\">{\"@context\":\"https:\/\/schema.org\",\"@graph\":[{\"@type\":\"WebPage\",\"@id\":\"http:\/\/amis.misa.vn\/bao-chi-noi-ve-amis\/\",\"url\":\"http:\/\/amis.misa.vn\/bao-chi-noi-ve-amis\/\",\"name\":\"B\u00e1o ch\u00ed n\u00f3i v\u1ec1 n\u1ec1n t\u1ea3ng qu\u1ea3n tr\u1ecb MISA AMIS\",\"isPartOf\":{\"@id\":\"http:\/\/amis.misa.vn\/bao-chi-noi-ve-amis\/#website\"},\"datePublished\":\"2021-09-29T03:26:43+00:00\",\"dateModified\":\"2025-10-15T09:10:52+00:00\",\"description\":\"N\u1ec1n t\u1ea3ng qu\u1ea3n tr\u1ecb h\u1ee3p nh\u1ea5t MISA AMIS \u0111\u00e1p \u1ee9ng \u0111\u1ea7y \u0111\u1ee7 c\u00e1c nghi\u1ec7p v\u1ee5 qu\u1ea3n tr\u1ecb doanh nghi\u1ec7p ph\u00f9 h\u1ee3p v\u1edbi m\u1ecdi quy m\u00f4 doanh nghi\u1ec7p.\",\"inLanguage\":\"vi\",\"potentialAction\":[{\"@type\":\"ReadAction\",\"target\":[\"http:\/\/amis.misa.vn\/bao-chi-noi-ve-amis\/\"]}]},{\"@type\":\"WebSite\",\"@id\":\"http:\/\/amis.misa.vn\/bao-chi-noi-ve-amis\/#website\",\"url\":\"http:\/\/amis.misa.vn\/bao-chi-noi-ve-amis\/\",\"name\":\"MISA AMIS - B\u00e1o ch\u00ed n\u00f3i g\u00ec v\u1ec1 ch\u00fang t\u00f4i\",\"description\":\"\",\"publisher\":{\"@id\":\"http:\/\/amis.misa.vn\/bao-chi-noi-ve-amis\/#organization\"},\"potentialAction\":[{\"@type\":\"SearchAction\",\"target\":{\"@type\":\"EntryPoint\",\"urlTemplate\":\"http:\/\/amis.misa.vn\/bao-chi-noi-ve-amis\/?s={search_term_string}\"},\"query-input\":\"required name=search_term_string\"}],\"inLanguage\":\"vi\"},{\"@type\":\"Organization\",\"@id\":\"http:\/\/amis.misa.vn\/bao-chi-noi-ve-amis\/#organization\",\"name\":\"MISA AMIS - B\u00e1o ch\u00ed n\u00f3i g\u00ec v\u1ec1 ch\u00fang t\u00f4i\",\"url\":\"http:\/\/amis.misa.vn\/bao-chi-noi-ve-amis\/\",\"logo\":{\"@type\":\"ImageObject\",\"inLanguage\":\"vi\",\"@id\":\"http:\/\/amis.misa.vn\/bao-chi-noi-ve-amis\/#\/schema\/logo\/image\/\",\"url\":\"\/bao-chi-noi-ve-amis\/wp-content\/uploads\/2021\/12\/logo.svg\",\"contentUrl\":\"\/bao-chi-noi-ve-amis\/wp-content\/uploads\/2021\/12\/logo.svg\",\"caption\":\"MISA AMIS - B\u00e1o ch\u00ed n\u00f3i g\u00ec v\u1ec1 ch\u00fang t\u00f4i\"},\"image\":{\"@id\":\"http:\/\/amis.misa.vn\/bao-chi-noi-ve-amis\/#\/schema\/logo\/image\/\"}}]}<\/script>\n<!-- \/ Yoast SEO plugin. -->","yoast_head_json":{"title":"B\u00e1o ch\u00ed n\u00f3i v\u1ec1 n\u1ec1n t\u1ea3ng qu\u1ea3n tr\u1ecb MISA AMIS","description":"N\u1ec1n t\u1ea3ng qu\u1ea3n tr\u1ecb h\u1ee3p nh\u1ea5t MISA AMIS \u0111\u00e1p \u1ee9ng \u0111\u1ea7y \u0111\u1ee7 c\u00e1c nghi\u1ec7p v\u1ee5 qu\u1ea3n tr\u1ecb doanh nghi\u1ec7p ph\u00f9 h\u1ee3p v\u1edbi m\u1ecdi quy m\u00f4 doanh nghi\u1ec7p.","robots":{"index":"noindex","follow":"follow","max-snippet":"max-snippet:-1","max-image-preview":"max-image-preview:large","max-video-preview":"max-video-preview:-1"},"og_locale":"vi_VN","og_type":"article","og_title":"B\u00e1o ch\u00ed n\u00f3i v\u1ec1 n\u1ec1n t\u1ea3ng qu\u1ea3n tr\u1ecb MISA AMIS","og_description":"N\u1ec1n t\u1ea3ng qu\u1ea3n tr\u1ecb h\u1ee3p nh\u1ea5t MISA AMIS \u0111\u00e1p \u1ee9ng \u0111\u1ea7y \u0111\u1ee7 c\u00e1c nghi\u1ec7p v\u1ee5 qu\u1ea3n tr\u1ecb doanh nghi\u1ec7p ph\u00f9 h\u1ee3p v\u1edbi m\u1ecdi quy m\u00f4 doanh nghi\u1ec7p.","og_url":"http:\/\/amis.misa.vn\/bao-chi-noi-ve-amis\/","og_site_name":"MISA AMIS - B\u00e1o ch\u00ed n\u00f3i g\u00ec v\u1ec1 ch\u00fang t\u00f4i","article_modified_time":"2025-10-15T09:10:52+00:00","twitter_card":"summary_large_image","schema":{"@context":"https:\/\/schema.org","@graph":[{"@type":"WebPage","@id":"http:\/\/amis.misa.vn\/bao-chi-noi-ve-amis\/","url":"http:\/\/amis.misa.vn\/bao-chi-noi-ve-amis\/","name":"B\u00e1o ch\u00ed n\u00f3i v\u1ec1 n\u1ec1n t\u1ea3ng qu\u1ea3n tr\u1ecb MISA AMIS","isPartOf":{"@id":"http:\/\/amis.misa.vn\/bao-chi-noi-ve-amis\/#website"},"datePublished":"2021-09-29T03:26:43+00:00","dateModified":"2025-10-15T09:10:52+00:00","description":"N\u1ec1n t\u1ea3ng qu\u1ea3n tr\u1ecb h\u1ee3p nh\u1ea5t MISA AMIS \u0111\u00e1p \u1ee9ng \u0111\u1ea7y \u0111\u1ee7 c\u00e1c nghi\u1ec7p v\u1ee5 qu\u1ea3n tr\u1ecb doanh nghi\u1ec7p ph\u00f9 h\u1ee3p v\u1edbi m\u1ecdi quy m\u00f4 doanh nghi\u1ec7p.","inLanguage":"vi","potentialAction":[{"@type":"ReadAction","target":["http:\/\/amis.misa.vn\/bao-chi-noi-ve-amis\/"]}]},{"@type":"WebSite","@id":"http:\/\/amis.misa.vn\/bao-chi-noi-ve-amis\/#website","url":"http:\/\/amis.misa.vn\/bao-chi-noi-ve-amis\/","name":"MISA AMIS - B\u00e1o ch\u00ed n\u00f3i g\u00ec v\u1ec1 ch\u00fang t\u00f4i","description":"","publisher":{"@id":"http:\/\/amis.misa.vn\/bao-chi-noi-ve-amis\/#organization"},"potentialAction":[{"@type":"SearchAction","target":{"@type":"EntryPoint","urlTemplate":"http:\/\/amis.misa.vn\/bao-chi-noi-ve-amis\/?s={search_term_string}"},"query-input":"required name=search_term_string"}],"inLanguage":"vi"},{"@type":"Organization","@id":"http:\/\/amis.misa.vn\/bao-chi-noi-ve-amis\/#organization","name":"MISA AMIS - B\u00e1o ch\u00ed n\u00f3i g\u00ec v\u1ec1 ch\u00fang t\u00f4i","url":"http:\/\/amis.misa.vn\/bao-chi-noi-ve-amis\/","logo":{"@type":"ImageObject","inLanguage":"vi","@id":"http:\/\/amis.misa.vn\/bao-chi-noi-ve-amis\/#\/schema\/logo\/image\/","url":"\/bao-chi-noi-ve-amis\/wp-content\/uploads\/2021\/12\/logo.svg","contentUrl":"\/bao-chi-noi-ve-amis\/wp-content\/uploads\/2021\/12\/logo.svg","caption":"MISA AMIS - B\u00e1o ch\u00ed n\u00f3i g\u00ec v\u1ec1 ch\u00fang t\u00f4i"},"image":{"@id":"http:\/\/amis.misa.vn\/bao-chi-noi-ve-amis\/#\/schema\/logo\/image\/"}}]}},"_links":{"self":[{"href":"http:\/\/amis.misa.vn\/bao-chi-noi-ve-amis\/wp-json\/wp\/v2\/pages\/16","targetHints":{"allow":["GET"]}}],"collection":[{"href":"http:\/\/amis.misa.vn\/bao-chi-noi-ve-amis\/wp-json\/wp\/v2\/pages"}],"about":[{"href":"http:\/\/amis.misa.vn\/bao-chi-noi-ve-amis\/wp-json\/wp\/v2\/types\/page"}],"author":[{"embeddable":true,"href":"http:\/\/amis.misa.vn\/bao-chi-noi-ve-amis\/wp-json\/wp\/v2\/users\/2"}],"replies":[{"embeddable":true,"href":"http:\/\/amis.misa.vn\/bao-chi-noi-ve-amis\/wp-json\/wp\/v2\/comments?post=16"}],"version-history":[{"count":1,"href":"http:\/\/amis.misa.vn\/bao-chi-noi-ve-amis\/wp-json\/wp\/v2\/pages\/16\/revisions"}],"predecessor-version":[{"id":17,"href":"http:\/\/amis.misa.vn\/bao-chi-noi-ve-amis\/wp-json\/wp\/v2\/pages\/16\/revisions\/17"}],"wp:attachment":[{"href":"http:\/\/amis.misa.vn\/bao-chi-noi-ve-amis\/wp-json\/wp\/v2\/media?parent=16"}],"curies":[{"name":"wp","href":"https:\/\/api.w.org\/{rel}","templated":true}]}}